{"id":126,"date":"2024-02-21T09:19:21","date_gmt":"2024-02-21T08:19:21","guid":{"rendered":"https:\/\/entreprisebabourgogne.org\/?page_id=126"},"modified":"2024-02-23T10:37:01","modified_gmt":"2024-02-23T09:37:01","slug":"mentions-legales","status":"publish","type":"page","link":"https:\/\/entreprisebabourgogne.org\/index.php\/mentions-legales\/","title":{"rendered":"Mentions l\u00e9gales"},"content":{"rendered":"\n<div class=\"wp-block-group alignfull has-base-background-color has-background has-global-padding is-layout-constrained wp-container-core-group-is-layout-2bf434fa wp-block-group-is-layout-constrained\" style=\"margin-top:0;margin-bottom:0;padding-top:var(--wp--preset--spacing--30);padding-right:var(--wp--preset--spacing--40);padding-bottom:var(--wp--preset--spacing--30);padding-left:var(--wp--preset--spacing--40)\">\n<p><strong>MENTIONS L\u00c9GALES<\/strong><\/p>\n\n\n\n<p>Conform\u00e9ment aux dispositions de la loi n\u00b0 2004-575 du 21 juin 2004 pour la confiance en l&rsquo;\u00e9conomie num\u00e9rique, il est pr\u00e9cis\u00e9 aux utilisateurs du site <strong>Entreprise Banque Alimentaire de Bourgogne<\/strong> l&rsquo;identit\u00e9 des diff\u00e9rents intervenants dans le cadre de sa r\u00e9alisation et de son suivi.<\/p>\n\n\n\n<p><strong>Edition du site<\/strong><\/p>\n\n\n\n<p>Le pr\u00e9sent site, accessible \u00e0 l\u2019URL www.entreprisebabourgogne.org\/ (le \u00ab Site \u00bb), est \u00e9dit\u00e9 par :<\/p>\n\n\n\n<p>L\u2019association Banque Alimentaire de Bourgogne, enregistr\u00e9e aupr\u00e8s de la pr\u00e9fecture\/sous-pr\u00e9fecture de 21 &#8211; Pr\u00e9fecture Dijon sous le num\u00e9ro W212001674, ayant son si\u00e8ge situ\u00e9 \u00e0 2 rue de Skopje 21000 DIJON, repr\u00e9sent\u00e9e par Laurent BRONDEL d\u00fbment habilit\u00e9(e).<\/p>\n\n\n\n<p><strong>H\u00e9bergement<\/strong><\/p>\n\n\n\n<p>Le Site est h\u00e9berg\u00e9 par la soci\u00e9t\u00e9 R\u00e9seau Concept, situ\u00e9 19b avenue Albert Camus 21000 Dijon, (contact t\u00e9l\u00e9phonique ou email : 0380288230).<\/p>\n\n\n\n<p>Directeur de publication<\/p>\n\n\n\n<p>Le Directeur de la publication du Site est Laurent BRONDEL<\/p>\n\n\n\n<p><strong>Nous contacter<\/strong><\/p>\n\n\n\n<p>Par t\u00e9l\u00e9phone : <strong>0380466161<\/strong><br>Par email : <strong>ba210@banquealimentaire.org<\/strong><br>Par courrier : <strong>2 Rue de Skopje 21000 Dijon<\/strong><\/p>\n<\/div>\n","protected":false},"excerpt":{"rendered":"<p>MENTIONS L\u00c9GALES Conform\u00e9ment aux dispositions de la loi n\u00b0 2004-575 du 21 juin 2004 pour la confiance en l&rsquo;\u00e9conomie num\u00e9rique, il est pr\u00e9cis\u00e9 aux utilisateurs du site Entreprise Banque Alimentaire de Bourgogne l&rsquo;identit\u00e9 des diff\u00e9rents intervenants dans le cadre de sa r\u00e9alisation et de son suivi. Edition du site Le pr\u00e9sent site, accessible \u00e0 l\u2019URL [&hellip;]<\/p>\n","protected":false},"author":1,"featured_media":0,"parent":0,"menu_order":0,"comment_status":"closed","ping_status":"closed","template":"","meta":{"footnotes":""},"class_list":["post-126","page","type-page","status-publish","hentry"],"_links":{"self":[{"href":"https:\/\/entreprisebabourgogne.org\/index.php\/wp-json\/wp\/v2\/pages\/126","targetHints":{"allow":["GET"]}}],"collection":[{"href":"https:\/\/entreprisebabourgogne.org\/index.php\/wp-json\/wp\/v2\/pages"}],"about":[{"href":"https:\/\/entreprisebabourgogne.org\/index.php\/wp-json\/wp\/v2\/types\/page"}],"author":[{"embeddable":true,"href":"https:\/\/entreprisebabourgogne.org\/index.php\/wp-json\/wp\/v2\/users\/1"}],"replies":[{"embeddable":true,"href":"https:\/\/entreprisebabourgogne.org\/index.php\/wp-json\/wp\/v2\/comments?post=126"}],"version-history":[{"count":4,"href":"https:\/\/entreprisebabourgogne.org\/index.php\/wp-json\/wp\/v2\/pages\/126\/revisions"}],"predecessor-version":[{"id":464,"href":"https:\/\/entreprisebabourgogne.org\/index.php\/wp-json\/wp\/v2\/pages\/126\/revisions\/464"}],"wp:attachment":[{"href":"https:\/\/entreprisebabourgogne.org\/index.php\/wp-json\/wp\/v2\/media?parent=126"}],"curies":[{"name":"wp","href":"https:\/\/api.w.org\/{rel}","templated":true}]}}