{"id":90,"date":"2024-02-20T13:32:36","date_gmt":"2024-02-20T12:32:36","guid":{"rendered":"https:\/\/entreprisebabourgogne.org\/?page_id=90"},"modified":"2024-03-13T11:04:45","modified_gmt":"2024-03-13T10:04:45","slug":"des-entreprises-solidaires-de-leur-territoire","status":"publish","type":"page","link":"https:\/\/entreprisebabourgogne.org\/index.php\/des-entreprises-solidaires-de-leur-territoire\/","title":{"rendered":"Des entreprises solidaires de leur territoire"},"content":{"rendered":"\n<div class=\"wp-block-group alignfull has-base-background-color has-background has-global-padding is-layout-constrained wp-container-core-group-is-layout-c04e4622 wp-block-group-is-layout-constrained\" style=\"margin-top:0;margin-bottom:0;padding-top:0;padding-right:var(--wp--preset--spacing--40);padding-bottom:0;padding-left:var(--wp--preset--spacing--40)\">\n<div class=\"wp-block-group has-global-padding is-layout-constrained wp-container-core-group-is-layout-650790e1 wp-block-group-is-layout-constrained\">\n<p>Faire un don, quel qu\u2019il soit, \u00e0 la Banque Alimentaire de Bourgogne n\u2019est pas un geste de bienfaisance ou de charit\u00e9. C&rsquo;est <strong>un geste de RSE<\/strong> contribuant en retour \u00e0 <strong>l\u2019int\u00e9r\u00eat \u00e9conomique et social<\/strong> collectif, dont celui <strong>de l\u2019entreprise<\/strong>. <mark onmouseover=\"this.style.color='#000'\" onmouseout=\"this.style.color='#FF9400'\" style=\"background-color:rgba(0, 0, 0, 0);color:#ff9400\" class=\"has-inline-color\"><span class=\"popup-trigger popmake-297\" data-popup-id=\"297\" data-do-default=\"0\">En savoir plus<\/span><\/mark><\/p>\n\n\n\n<div style=\"height:1.25rem\" aria-hidden=\"true\" class=\"wp-block-spacer\"><\/div>\n<\/div>\n\n\n\n<div class=\"wp-block-columns alignwide is-layout-flex wp-container-core-columns-is-layout-87beb0d0 wp-block-columns-is-layout-flex\">\n<div class=\"wp-block-column is-layout-flow wp-block-column-is-layout-flow\" style=\"padding-top:var(--wp--preset--spacing--50);padding-bottom:var(--wp--preset--spacing--50);flex-basis:25%\">\n<p><a href=\"https:\/\/entreprisebabourgogne.org\/\" data-type=\"link\" data-id=\"https:\/\/entreprisebabourgogne.org\/\"><strong>Nourrir notre avenir ensemble<\/strong><\/a><\/p>\n\n\n\n<p><a href=\"https:\/\/entreprisebabourgogne.org\/index.php\/laugmentation-de-la-precarite-alimentaire\/\" data-type=\"page\" data-id=\"12\"><strong>La menace de la pr\u00e9carit\u00e9 alimentaire<\/strong><\/a><\/p>\n\n\n\n<p><a href=\"https:\/\/entreprisebabourgogne.org\/index.php\/les-ressources-manquent\/\" data-type=\"page\" data-id=\"15\"><strong>Les ressources manquent<\/strong><\/a><\/p>\n\n\n\n<p><strong><a href=\"https:\/\/entreprisebabourgogne.org\/index.php\/la-strategie-de-la-bab\/\" data-type=\"page\" data-id=\"17\"><strong>Professionnaliser la collecte<\/strong><\/a><\/strong><\/p>\n\n\n\n<p><a href=\"https:\/\/entreprisebabourgogne.org\/index.php\/des-entreprises-solidaires-de-leur-territoire\/\" data-type=\"page\" data-id=\"19\"><strong>Des entreprises solidaires de leur territoire<\/strong><\/a><\/p>\n\n\n\n<p><a href=\"https:\/\/entreprisebabourgogne.org\/index.php\/4-manieres-de-nourrir-votre-rse\/\" data-type=\"page\" data-id=\"21\"><strong>4 mani\u00e8res de nourrir votre RSE<\/strong><\/a><\/p>\n<\/div>\n\n\n\n<div class=\"wp-block-column is-layout-flow wp-container-core-column-is-layout-9b635ac4 wp-block-column-is-layout-flow\" style=\"flex-basis:50%\">\n<figure data-wp-context=\"{&quot;imageId&quot;:&quot;69f51980d2bd6&quot;}\" data-wp-interactive=\"core\/image\" data-wp-key=\"69f51980d2bd6\" class=\"wp-block-image aligncenter size-full is-resized is-style-rounded is-style-rounded--1 wp-lightbox-container\"><img loading=\"lazy\" decoding=\"async\" width=\"2085\" height=\"2084\" data-wp-class--hide=\"state.isContentHidden\" data-wp-class--show=\"state.isContentVisible\" data-wp-init=\"callbacks.setButtonStyles\" data-wp-on--click=\"actions.showLightbox\" data-wp-on--load=\"callbacks.setButtonStyles\" data-wp-on-window--resize=\"callbacks.setButtonStyles\" src=\"https:\/\/entreprisebabourgogne.org\/wp-content\/uploads\/2024\/02\/Rse.png\" alt=\"\" class=\"wp-image-92\" style=\"width:442px\" srcset=\"https:\/\/entreprisebabourgogne.org\/wp-content\/uploads\/2024\/02\/Rse.png 2085w, https:\/\/entreprisebabourgogne.org\/wp-content\/uploads\/2024\/02\/Rse-300x300.png 300w, https:\/\/entreprisebabourgogne.org\/wp-content\/uploads\/2024\/02\/Rse-1024x1024.png 1024w, https:\/\/entreprisebabourgogne.org\/wp-content\/uploads\/2024\/02\/Rse-150x150.png 150w, https:\/\/entreprisebabourgogne.org\/wp-content\/uploads\/2024\/02\/Rse-768x768.png 768w, https:\/\/entreprisebabourgogne.org\/wp-content\/uploads\/2024\/02\/Rse-1536x1536.png 1536w, https:\/\/entreprisebabourgogne.org\/wp-content\/uploads\/2024\/02\/Rse-2048x2048.png 2048w\" sizes=\"auto, (max-width: 2085px) 100vw, 2085px\" \/><button\n\t\t\tclass=\"lightbox-trigger\"\n\t\t\ttype=\"button\"\n\t\t\taria-haspopup=\"dialog\"\n\t\t\taria-label=\"Agrandir\"\n\t\t\tdata-wp-init=\"callbacks.initTriggerButton\"\n\t\t\tdata-wp-on--click=\"actions.showLightbox\"\n\t\t\tdata-wp-style--right=\"state.imageButtonRight\"\n\t\t\tdata-wp-style--top=\"state.imageButtonTop\"\n\t\t>\n\t\t\t<svg xmlns=\"http:\/\/www.w3.org\/2000\/svg\" width=\"12\" height=\"12\" fill=\"none\" viewBox=\"0 0 12 12\">\n\t\t\t\t<path fill=\"#fff\" d=\"M2 0a2 2 0 0 0-2 2v2h1.5V2a.5.5 0 0 1 .5-.5h2V0H2Zm2 10.5H2a.5.5 0 0 1-.5-.5V8H0v2a2 2 0 0 0 2 2h2v-1.5ZM8 12v-1.5h2a.5.5 0 0 0 .5-.5V8H12v2a2 2 0 0 1-2 2H8Zm2-12a2 2 0 0 1 2 2v2h-1.5V2a.5.5 0 0 0-.5-.5H8V0h2Z\" \/>\n\t\t\t<\/svg>\n\t\t<\/button><\/figure>\n<\/div>\n\n\n\n<div class=\"wp-block-column is-layout-flow wp-container-core-column-is-layout-9b635ac4 wp-block-column-is-layout-flow\" style=\"flex-basis:25%\">\n<p class=\"has-text-align-center radius-corners has-background\" style=\"background-color:#ff8200;margin-top:0;margin-right:var(--wp--preset--spacing--40);margin-bottom:0;margin-left:var(--wp--preset--spacing--40)\"><strong>4 mani\u00e8res de nourrir votre RSE<\/strong> <a href=\"https:\/\/entreprisebabourgogne.org\/index.php\/4-manieres-de-nourrir-votre-rse\/\" data-type=\"page\" data-id=\"94\"><mark style=\"background-color:rgba(0, 0, 0, 0);border-radius: 300px;\" class=\"has-inline-color has-base-2-color\">cliquez ici<\/mark><\/a><\/p>\n<\/div>\n<\/div>\n<\/div>\n","protected":false},"excerpt":{"rendered":"<p>Faire un don, quel qu\u2019il soit, \u00e0 la Banque Alimentaire de Bourgogne n\u2019est pas un geste de bienfaisance ou de charit\u00e9. C&rsquo;est un geste de RSE contribuant en retour \u00e0 l\u2019int\u00e9r\u00eat \u00e9conomique et social collectif, dont celui de l\u2019entreprise. En savoir plus Nourrir notre avenir ensemble La menace de la pr\u00e9carit\u00e9 alimentaire Les ressources manquent [&hellip;]<\/p>\n","protected":false},"author":1,"featured_media":0,"parent":0,"menu_order":0,"comment_status":"closed","ping_status":"closed","template":"","meta":{"footnotes":""},"class_list":["post-90","page","type-page","status-publish","hentry"],"_links":{"self":[{"href":"https:\/\/entreprisebabourgogne.org\/index.php\/wp-json\/wp\/v2\/pages\/90","targetHints":{"allow":["GET"]}}],"collection":[{"href":"https:\/\/entreprisebabourgogne.org\/index.php\/wp-json\/wp\/v2\/pages"}],"about":[{"href":"https:\/\/entreprisebabourgogne.org\/index.php\/wp-json\/wp\/v2\/types\/page"}],"author":[{"embeddable":true,"href":"https:\/\/entreprisebabourgogne.org\/index.php\/wp-json\/wp\/v2\/users\/1"}],"replies":[{"embeddable":true,"href":"https:\/\/entreprisebabourgogne.org\/index.php\/wp-json\/wp\/v2\/comments?post=90"}],"version-history":[{"count":15,"href":"https:\/\/entreprisebabourgogne.org\/index.php\/wp-json\/wp\/v2\/pages\/90\/revisions"}],"predecessor-version":[{"id":532,"href":"https:\/\/entreprisebabourgogne.org\/index.php\/wp-json\/wp\/v2\/pages\/90\/revisions\/532"}],"wp:attachment":[{"href":"https:\/\/entreprisebabourgogne.org\/index.php\/wp-json\/wp\/v2\/media?parent=90"}],"curies":[{"name":"wp","href":"https:\/\/api.w.org\/{rel}","templated":true}]}}