{"id":94,"date":"2024-02-20T14:00:02","date_gmt":"2024-02-20T13:00:02","guid":{"rendered":"https:\/\/entreprisebabourgogne.org\/?page_id=94"},"modified":"2024-04-29T08:51:57","modified_gmt":"2024-04-29T06:51:57","slug":"4-manieres-de-nourrir-votre-rse","status":"publish","type":"page","link":"https:\/\/entreprisebabourgogne.org\/index.php\/4-manieres-de-nourrir-votre-rse\/","title":{"rendered":"4 mani\u00e8res de nourrir votre RSE"},"content":{"rendered":"\n<div class=\"wp-block-group alignfull has-global-padding is-content-justification-center is-layout-constrained wp-container-core-group-is-layout-15c86cba wp-block-group-is-layout-constrained\" style=\"margin-top:0;margin-bottom:0;padding-top:0;padding-right:var(--wp--preset--spacing--40);padding-bottom:0;padding-left:var(--wp--preset--spacing--40)\">\n<p class=\"has-text-align-center has-contrast-color has-text-color has-link-color wp-elements-6c60cbb7975cf181ca06bfaf7ea23b47\"><strong>En devenant donateur ambassadeur de la BAB nous construirons un programme de partenariat qui rejaillira sur votre image interne et externe.<\/strong><\/p>\n\n\n\n<p class=\"has-text-align-center has-contrast-background-color has-text-color has-background has-link-color has-medium-font-size wp-elements-9f30f4e7173a175b8f797ab3c82af6e0\" style=\"color:#ff8200;margin-top:var(--wp--preset--spacing--10);margin-right:0;margin-bottom:var(--wp--preset--spacing--10);margin-left:0;padding-top:var(--wp--preset--spacing--10);padding-right:0;padding-bottom:var(--wp--preset--spacing--10);padding-left:0\"><strong><mark style=\"background-color:rgba(0, 0, 0, 0)\" class=\"has-inline-color has-base-2-color\">Le pr\u00e9sident Laurent Brondel est \u00e0 votre \u00e9coute. <\/mark><\/strong><mark style=\"background-color:rgba(0, 0, 0, 0);color:#ff8200\" class=\"has-inline-color\"><strong>ba210.president@banquealimentaire.org<\/strong><\/mark><br><strong>03 80 46 61 61<\/strong><\/p>\n\n\n\n<p class=\"has-text-align-center\"><strong>Don de comp\u00e9tences<\/strong> : <mark onmouseover=\"this.style.color='#000'\" onmouseout=\"this.style.color='#FF9400'\" style=\"background-color:rgba(0, 0, 0, 0);color:#ff9400\" class=\"has-inline-color\"><span class=\"popup-trigger popmake-139\" data-popup-id=\"139\" data-do-default=\"0\">en savoir plus<\/span><\/mark>  <strong>Dons financiers <\/strong>: <mark onmouseover=\"this.style.color='#000'\" onmouseout=\"this.style.color='#FF9400'\" style=\"background-color:rgba(0, 0, 0, 0);color:#ff9400\" class=\"has-inline-color\"><span class=\"popup-trigger popmake-155\" data-popup-id=\"155\" data-do-default=\"0\">en savoir plus<\/span><\/mark><\/p>\n\n\n\n<p class=\"has-text-align-center\"><strong>Dons de prestations <\/strong> :<mark onmouseover=\"this.style.color='#000'\" onmouseout=\"this.style.color='#FF9400'\" style=\"background-color:rgba(0, 0, 0, 0);color:#ff9400\" class=\"has-inline-color\"><span class=\"popup-trigger popmake-160\" data-popup-id=\"160\" data-do-default=\"0\"> en savoir plus<\/span><\/mark>  <strong>Dons de denr\u00e9es :<\/strong> <mark onmouseover=\"this.style.color='#000'\" onmouseout=\"this.style.color='#FF9400'\" style=\"background-color:rgba(0, 0, 0, 0);color:#ff9400\" class=\"has-inline-color\"><span class=\"popup-trigger popmake-165\" data-popup-id=\"165\" data-do-default=\"0\">en savoir plus<\/span><\/mark><\/p>\n\n\n\n<div style=\"height:0px\" aria-hidden=\"true\" class=\"wp-block-spacer\"><\/div>\n\n\n\n<div class=\"wp-block-columns alignwide is-layout-flex wp-container-core-columns-is-layout-40b27d5e wp-block-columns-is-layout-flex\" style=\"margin-top:0;margin-bottom:0\">\n<div class=\"wp-block-column is-layout-flow wp-block-column-is-layout-flow\" style=\"padding-top:0;padding-bottom:0;flex-basis:25%\">\n<p><a href=\"https:\/\/entreprisebabourgogne.org\/\" data-type=\"link\" data-id=\"https:\/\/entreprisebabourgogne.org\/\"><strong>Nourrir notre avenir ensemble<\/strong><\/a><\/p>\n\n\n\n<p><a href=\"https:\/\/entreprisebabourgogne.org\/index.php\/laugmentation-de-la-precarite-alimentaire\/\" data-type=\"page\" data-id=\"12\"><strong>La menace de la pr\u00e9carit\u00e9 alimentaire<\/strong><\/a><\/p>\n\n\n\n<p><a href=\"https:\/\/entreprisebabourgogne.org\/index.php\/les-ressources-manquent\/\" data-type=\"page\" data-id=\"15\"><strong>Les ressources manquent<\/strong><\/a><\/p>\n\n\n\n<p><a href=\"https:\/\/entreprisebabourgogne.org\/index.php\/la-strategie-de-la-bab\/\" data-type=\"page\" data-id=\"17\"><strong>Professionnaliser la collecte <\/strong><\/a><\/p>\n\n\n\n<p><a href=\"https:\/\/entreprisebabourgogne.org\/index.php\/des-entreprises-solidaires-de-leur-territoire\/\" data-type=\"page\" data-id=\"19\"><strong>Des entreprises solidaires de leur territoire<\/strong><\/a><\/p>\n\n\n\n<p><a href=\"https:\/\/entreprisebabourgogne.org\/index.php\/4-manieres-de-nourrir-votre-rse\/\" data-type=\"page\" data-id=\"21\"><strong>4 mani\u00e8res de nourrir votre RSE<\/strong><\/a><\/p>\n\n\n\n<p><\/p>\n<\/div>\n\n\n\n<div class=\"wp-block-column is-layout-flow wp-container-core-column-is-layout-9b635ac4 wp-block-column-is-layout-flow\" style=\"flex-basis:50%\">\n<figure class=\"wp-block-image aligncenter size-full is-resized is-style-rounded is-style-rounded--1\"><img loading=\"lazy\" decoding=\"async\" width=\"2084\" height=\"2084\" src=\"https:\/\/entreprisebabourgogne.org\/wp-content\/uploads\/2024\/04\/Allegez-vos-impots_V2.png\" alt=\"\" class=\"wp-image-570\" style=\"width:442px;height:auto\" srcset=\"https:\/\/entreprisebabourgogne.org\/wp-content\/uploads\/2024\/04\/Allegez-vos-impots_V2.png 2084w, https:\/\/entreprisebabourgogne.org\/wp-content\/uploads\/2024\/04\/Allegez-vos-impots_V2-300x300.png 300w, https:\/\/entreprisebabourgogne.org\/wp-content\/uploads\/2024\/04\/Allegez-vos-impots_V2-1024x1024.png 1024w, https:\/\/entreprisebabourgogne.org\/wp-content\/uploads\/2024\/04\/Allegez-vos-impots_V2-150x150.png 150w, https:\/\/entreprisebabourgogne.org\/wp-content\/uploads\/2024\/04\/Allegez-vos-impots_V2-768x768.png 768w, https:\/\/entreprisebabourgogne.org\/wp-content\/uploads\/2024\/04\/Allegez-vos-impots_V2-1536x1536.png 1536w, https:\/\/entreprisebabourgogne.org\/wp-content\/uploads\/2024\/04\/Allegez-vos-impots_V2-2048x2048.png 2048w\" sizes=\"auto, (max-width: 2084px) 100vw, 2084px\" \/><\/figure>\n<\/div>\n\n\n\n<div class=\"wp-block-column is-vertically-aligned-top radius-corners has-base-2-color has-contrast-background-color has-text-color has-background has-link-color wp-elements-0481f9e43c25a0e6559f88feec6753c5 is-layout-flow wp-container-core-column-is-layout-4a56171c wp-block-column-is-layout-flow\" style=\"border-style:none;border-width:0px;padding-top:var(--wp--preset--spacing--10);padding-right:var(--wp--preset--spacing--10);padding-bottom:var(--wp--preset--spacing--10);padding-left:var(--wp--preset--spacing--10);flex-basis:25%\">\n<p class=\"has-text-align-center has-base-2-color has-text-color has-link-color wp-elements-822b88173f4b8ca36dbc029e5c876283\" style=\"margin-top:0;margin-bottom:0\"><strong>Rejoignez nos partenaires :<\/strong><\/p>\n\n\n\n<div style=\"height:11px\" aria-hidden=\"true\" class=\"wp-block-spacer\"><\/div>\n\n\n\n<p class=\"has-text-align-center has-text-color has-link-color wp-elements-4e4e155ae613414a2b9ce68918fff02a\" style=\"color:#ff8200;font-style:normal;font-weight:700\">Ademe<\/p>\n\n\n\n<p class=\"has-text-align-center has-text-color has-link-color wp-elements-c23d6cf6d977d8ea38fddbd5629c0398\" style=\"color:#ff8200;font-style:normal;font-weight:700\">Agro Mousquetaires<\/p>\n\n\n\n<p class=\"has-text-align-center has-text-color has-link-color wp-elements-5f700fdb9506b6bfd8843e0202128feb\" style=\"color:#ff8200;font-style:normal;font-weight:700\">Amf 21<\/p>\n\n\n\n<p class=\"has-text-align-center has-text-color has-link-color wp-elements-a9e7fb9df2f34abb00cd86e698395b3a\" style=\"color:#ff8200;font-style:normal;font-weight:700\">Banque populaire bfc<\/p>\n\n\n\n<p class=\"has-text-align-center has-text-color has-link-color wp-elements-25785ea151cc87998d226c3cf0be769e\" style=\"color:#ff8200;font-style:normal;font-weight:700\">Cbre Impact<\/p>\n\n\n\n<p class=\"has-text-align-center has-text-color has-link-color wp-elements-3f4ffcd10127a7cc995b70fc6afb4334\" style=\"color:#ff8200;font-style:normal;font-weight:700\">Cci<\/p>\n\n\n\n<p class=\"has-text-align-center has-text-color has-link-color wp-elements-911f983c00bf08c7f9c14182d04d1dbe\" style=\"color:#ff8200;font-style:normal;font-weight:700\">C\u00f4te d&rsquo;Or d\u00e9partement<\/p>\n\n\n\n<p class=\"has-text-align-center has-text-color has-link-color wp-elements-5fc087b3aa490fceb1ac962f88c44378\" style=\"color:#ff8200;font-style:normal;font-weight:700\">Curot construction<\/p>\n\n\n\n<p class=\"has-text-align-center has-text-color has-link-color wp-elements-37b6994ee5d3ebbd766ebf0d27eeaa5f\" style=\"color:#ff8200;font-style:normal;font-weight:700\">Engie Ineo<\/p>\n\n\n\n<div style=\"height:16px\" aria-hidden=\"true\" class=\"wp-block-spacer\"><\/div>\n\n\n\n<p class=\"has-text-align-center has-base-2-color has-text-color has-link-color wp-elements-21942dcc7c0f0a84105db1056d4656b1\" style=\"text-decoration:underline\"><span class=\"popup-trigger popmake-208\" data-popup-id=\"208\" data-do-default=\"0\"><strong><mark style=\"background-color:rgba(0, 0, 0, 0)\" class=\"has-inline-color has-base-2-color\">Suite<\/mark><\/strong><\/span><\/p>\n<\/div>\n<\/div>\n\n\n\n<div class=\"wp-block-group has-global-padding is-layout-constrained wp-container-core-group-is-layout-e555385e wp-block-group-is-layout-constrained\">\n<div style=\"height:20px\" aria-hidden=\"true\" class=\"wp-block-spacer\"><\/div>\n<\/div>\n<\/div>\n","protected":false},"excerpt":{"rendered":"<p>En devenant donateur ambassadeur de la BAB nous construirons un programme de partenariat qui rejaillira sur votre image interne et externe. Le pr\u00e9sident Laurent Brondel est \u00e0 votre \u00e9coute. ba210.president@banquealimentaire.org03 80 46 61 61 Don de comp\u00e9tences : en savoir plus Dons financiers : en savoir plus Dons de prestations : en savoir plus Dons [&hellip;]<\/p>\n","protected":false},"author":1,"featured_media":0,"parent":0,"menu_order":0,"comment_status":"closed","ping_status":"closed","template":"","meta":{"footnotes":""},"class_list":["post-94","page","type-page","status-publish","hentry"],"_links":{"self":[{"href":"https:\/\/entreprisebabourgogne.org\/index.php\/wp-json\/wp\/v2\/pages\/94","targetHints":{"allow":["GET"]}}],"collection":[{"href":"https:\/\/entreprisebabourgogne.org\/index.php\/wp-json\/wp\/v2\/pages"}],"about":[{"href":"https:\/\/entreprisebabourgogne.org\/index.php\/wp-json\/wp\/v2\/types\/page"}],"author":[{"embeddable":true,"href":"https:\/\/entreprisebabourgogne.org\/index.php\/wp-json\/wp\/v2\/users\/1"}],"replies":[{"embeddable":true,"href":"https:\/\/entreprisebabourgogne.org\/index.php\/wp-json\/wp\/v2\/comments?post=94"}],"version-history":[{"count":106,"href":"https:\/\/entreprisebabourgogne.org\/index.php\/wp-json\/wp\/v2\/pages\/94\/revisions"}],"predecessor-version":[{"id":575,"href":"https:\/\/entreprisebabourgogne.org\/index.php\/wp-json\/wp\/v2\/pages\/94\/revisions\/575"}],"wp:attachment":[{"href":"https:\/\/entreprisebabourgogne.org\/index.php\/wp-json\/wp\/v2\/media?parent=94"}],"curies":[{"name":"wp","href":"https:\/\/api.w.org\/{rel}","templated":true}]}}